{"id":1462,"date":"2020-10-23T10:43:52","date_gmt":"2020-10-23T10:43:52","guid":{"rendered":"https:\/\/golddess.ch\/?page_id=1462"},"modified":"2021-03-02T23:42:32","modified_gmt":"2021-03-02T23:42:32","slug":"impressum","status":"publish","type":"page","link":"https:\/\/golddess.ch\/index.php\/impressum\/","title":{"rendered":"Impressum"},"content":{"rendered":"<p>[et_pb_section fb_built=&#8221;1&#8243; _builder_version=&#8221;4.6.3&#8243; _module_preset=&#8221;default&#8221;][\/et_pb_section][et_pb_section fb_built=&#8221;1&#8243; fullwidth=&#8221;on&#8221; admin_label=&#8221;Header&#8221; _builder_version=&#8221;3.22&#8243; custom_padding=&#8221;0px|0|0px|0px|false|false&#8221; top_divider_style=&#8221;arrow3&#8243; top_divider_color=&#8221;rgba(255,255,255,0.3)&#8221; top_divider_height=&#8221;100%&#8221; top_divider_repeat=&#8221;2x&#8221; bottom_divider_color=&#8221;rgba(255,255,255,0.33)&#8221; bottom_divider_height=&#8221;500px&#8221;][et_pb_fullwidth_header title=&#8221;Impressum&#8221; text_orientation=&#8221;center&#8221; content_max_width=&#8221;70%&#8221; content_max_width_tablet=&#8221;100%&#8221; content_max_width_phone=&#8221;&#8221; content_max_width_last_edited=&#8221;on|phone&#8221; _builder_version=&#8221;3.16&#8243; title_font=&#8221;Cormorant Garamond|500|||||||&#8221; title_font_size=&#8221;5vw&#8221; title_line_height=&#8221;1.5em&#8221; content_font=&#8221;||||||||&#8221; subhead_font=&#8221;Poppins|700||on|||||&#8221; subhead_font_size=&#8221;16px&#8221; subhead_letter_spacing=&#8221;15px&#8221; subhead_line_height=&#8221;2em&#8221; background_color=&#8221;rgba(255,255,255,0)&#8221; background_image=&#8221;https:\/\/golddess.ch\/wp-content\/uploads\/2020\/10\/about-hero-1.jpg&#8221; parallax=&#8221;on&#8221; parallax_method=&#8221;on&#8221; custom_button_one=&#8221;on&#8221; button_one_text_size=&#8221;14px&#8221; button_one_text_color=&#8221;#000000&#8243; button_one_bg_color=&#8221;#ffffff&#8221; button_one_border_width=&#8221;14px&#8221; button_one_border_color=&#8221;#ffffff&#8221; button_one_border_radius=&#8221;0px&#8221; button_one_letter_spacing=&#8221;4px&#8221; button_one_font=&#8221;Poppins|500||on|||||&#8221; background_layout=&#8221;light&#8221; custom_margin=&#8221;||||false&#8221; custom_padding=&#8221;10vw||10vw||true&#8221; title_font_size_tablet=&#8221;40px&#8221; title_font_size_phone=&#8221;&#8221; title_font_size_last_edited=&#8221;on|desktop&#8221; subhead_font_size_tablet=&#8221;40px&#8221; subhead_font_size_last_edited=&#8221;off|desktop&#8221; subhead_letter_spacing_tablet=&#8221;&#8221; subhead_letter_spacing_phone=&#8221;0px&#8221; subhead_letter_spacing_last_edited=&#8221;on|phone&#8221; button_one_border_color_hover=&#8221;#ecd5c5&#8243; button_one_border_radius_hover=&#8221;0px&#8221; button_one_letter_spacing_hover=&#8221;4px&#8221; button_one_bg_color_hover=&#8221;#ecd5c5&#8243; button_one_text_size__hover_enabled=&#8221;off&#8221; button_two_text_size__hover_enabled=&#8221;off&#8221; button_one_text_color__hover_enabled=&#8221;off&#8221; button_two_text_color__hover_enabled=&#8221;off&#8221; button_one_border_width__hover_enabled=&#8221;off&#8221; button_two_border_width__hover_enabled=&#8221;off&#8221; button_one_border_color__hover_enabled=&#8221;on&#8221; button_one_border_color__hover=&#8221;#ecd5c5&#8243; button_two_border_color__hover_enabled=&#8221;off&#8221; button_one_border_radius__hover_enabled=&#8221;on&#8221; button_one_border_radius__hover=&#8221;0px&#8221; button_two_border_radius__hover_enabled=&#8221;off&#8221; button_one_letter_spacing__hover_enabled=&#8221;on&#8221; button_one_letter_spacing__hover=&#8221;4px&#8221; button_two_letter_spacing__hover_enabled=&#8221;off&#8221; button_one_bg_color__hover_enabled=&#8221;on&#8221; button_one_bg_color__hover=&#8221;#ecd5c5&#8243; button_two_bg_color__hover_enabled=&#8221;off&#8221;][\/et_pb_fullwidth_header][\/et_pb_section][et_pb_section fb_built=&#8221;1&#8243; admin_label=&#8221;About Us&#8221; _builder_version=&#8221;3.22&#8243; custom_padding=&#8221;100px|0px|100px|0px|true|false&#8221; locked=&#8221;off&#8221;][et_pb_row _builder_version=&#8221;3.25&#8243;][et_pb_column type=&#8221;4_4&#8243; _builder_version=&#8221;3.25&#8243; custom_padding=&#8221;|||&#8221; custom_padding__hover=&#8221;|||&#8221;][et_pb_text _builder_version=&#8221;3.27.4&#8243; text_font=&#8221;Cormorant Garamond||||||||&#8221; text_font_size=&#8221;20px&#8221; text_line_height=&#8221;1.8em&#8221; link_font=&#8221;||||||||&#8221; ul_font=&#8221;||||||||&#8221; header_font=&#8221;||||||||&#8221; header_2_font=&#8221;||||||||&#8221; header_3_font=&#8221;||||||||&#8221; header_3_font_size=&#8221;45px&#8221; header_3_line_height=&#8221;1.5em&#8221; max_width_tablet=&#8221;100%&#8221; max_width_phone=&#8221;100%&#8221; max_width_last_edited=&#8221;off|desktop&#8221; module_alignment=&#8221;right&#8221; custom_padding=&#8221;|||&#8221; custom_padding_tablet=&#8221;|||0px&#8221; custom_padding_phone=&#8221;&#8221; custom_padding_last_edited=&#8221;on|tablet&#8221;]<\/p>\n<h3>Impressum<\/h3>\n<p>Kontaktadresse<br \/>Laciga Innovation GmbH<br \/>Rebackerstrasse 7<br \/>3210 Kerzers \/ Schweiz<br \/><span id=\"cloakfe0e8fa29ae9aabb5540bae4d4eee45d\"><a href=\"mailto:info@mojo-design.ch?subject=Anfrage\">beautiful(at)golddess.ch<\/a><\/span><\/p>\n<h2>Vertretungsberechtigte Person<\/h2>\n<p>Paul Laciga, Gesch\u00e4ftsf\u00fchrer<br \/><span id=\"cloakfe0e8fa29ae9aabb5540bae4d4eee45d\"><a href=\"mailto:info@mojo-design.ch?subject=Anfrage\">beautiful(at)golddess.ch<\/a><\/span><\/p>\n<p>Konzept &amp; Design<br \/>Das Konzept und Design wurde realisiert durch die Laciga Innovation GmbH.<\/p>\n<p>Programmierung &amp; CMS<br \/>Die Programmierung und das CMS wurde realisiert durch die Laciga Innovation GmbH.<\/p>\n<p>Urheberrecht<br \/>Das Copyright der auf dieser Seite publizierten Inhalte liegt bei Laciga Innovation GmbH.<\/p>\n<p>Browserkompatibilit\u00e4t Diese Website ist f\u00fcr die Darstellung in den Browsern Chrome, Firefox, Internet Explorer (ab Version 8), Safari und Opera optimiert. Sollten Sie einen anderen Browser oder eine veraltete Version nutzen, kann es zu Funktionseinschr\u00e4nkungen kommen. Verwenden Sie m\u00f6glichst die aktuelle Version Ihres Browsers, um unser Webangebot in vollem Umfang nutzen zu k\u00f6nnen.<\/p>\n<p>&nbsp;<\/p>\n<p>&nbsp;<\/p>\n<p>[\/et_pb_text][\/et_pb_column][\/et_pb_row][\/et_pb_section]<\/p>\n","protected":false},"excerpt":{"rendered":"<p>Impressum KontaktadresseLaciga Innovation GmbHRebackerstrasse 73210 Kerzers \/ Schweizbeautiful(at)golddess.ch Vertretungsberechtigte Person Paul Laciga, Gesch\u00e4ftsf\u00fchrerbeautiful(at)golddess.ch Konzept &amp; DesignDas Konzept und Design wurde realisiert durch die Laciga Innovation GmbH. Programmierung &amp; CMSDie Programmierung und das CMS wurde realisiert durch die Laciga Innovation GmbH. UrheberrechtDas Copyright der auf dieser Seite publizierten Inhalte liegt bei Laciga Innovation GmbH. Browserkompatibilit\u00e4t Diese [&hellip;]<\/p>\n","protected":false},"author":1,"featured_media":0,"parent":0,"menu_order":0,"comment_status":"closed","ping_status":"closed","template":"","meta":{"_et_pb_use_builder":"on","_et_pb_old_content":"","_et_gb_content_width":""},"yoast_head":"<!-- This site is optimized with the Yoast SEO plugin v17.8 - https:\/\/yoast.com\/wordpress\/plugins\/seo\/ -->\n<title>Impressum - Golddess.ch Mode und Goldschmiede<\/title>\n<meta name=\"robots\" content=\"index, follow, max-snippet:-1, max-image-preview:large, max-video-preview:-1\" \/>\n<link rel=\"canonical\" href=\"https:\/\/golddess.ch\/index.php\/impressum\/\" \/>\n<meta property=\"og:locale\" content=\"de_DE\" \/>\n<meta property=\"og:type\" content=\"article\" \/>\n<meta property=\"og:title\" content=\"Impressum - Golddess.ch Mode und Goldschmiede\" \/>\n<meta property=\"og:description\" content=\"Impressum KontaktadresseLaciga Innovation GmbHRebackerstrasse 73210 Kerzers \/ Schweizbeautiful(at)golddess.ch Vertretungsberechtigte Person Paul Laciga, Gesch\u00e4ftsf\u00fchrerbeautiful(at)golddess.ch Konzept &amp; DesignDas Konzept und Design wurde realisiert durch die Laciga Innovation GmbH. Programmierung &amp; CMSDie Programmierung und das CMS wurde realisiert durch die Laciga Innovation GmbH. UrheberrechtDas Copyright der auf dieser Seite publizierten Inhalte liegt bei Laciga Innovation GmbH. Browserkompatibilit\u00e4t Diese [&hellip;]\" \/>\n<meta property=\"og:url\" content=\"https:\/\/golddess.ch\/index.php\/impressum\/\" \/>\n<meta property=\"og:site_name\" content=\"Golddess.ch Mode und Goldschmiede\" \/>\n<meta property=\"article:modified_time\" content=\"2021-03-02T23:42:32+00:00\" \/>\n<meta name=\"twitter:card\" content=\"summary_large_image\" \/>\n<meta name=\"twitter:label1\" content=\"Gesch\u00e4tzte Lesezeit\" \/>\n\t<meta name=\"twitter:data1\" content=\"3\u00a0Minuten\" \/>\n<script type=\"application\/ld+json\" class=\"yoast-schema-graph\">{\"@context\":\"https:\/\/schema.org\",\"@graph\":[{\"@type\":\"WebSite\",\"@id\":\"https:\/\/golddess.ch\/#website\",\"url\":\"https:\/\/golddess.ch\/\",\"name\":\"Golddess.ch Mode und Goldschmiede\",\"description\":\"Schmuckkurse und Eheringe sowie Mode. Komm vorbei!\",\"potentialAction\":[{\"@type\":\"SearchAction\",\"target\":{\"@type\":\"EntryPoint\",\"urlTemplate\":\"https:\/\/golddess.ch\/?s={search_term_string}\"},\"query-input\":\"required name=search_term_string\"}],\"inLanguage\":\"de\"},{\"@type\":\"WebPage\",\"@id\":\"https:\/\/golddess.ch\/index.php\/impressum\/#webpage\",\"url\":\"https:\/\/golddess.ch\/index.php\/impressum\/\",\"name\":\"Impressum - Golddess.ch Mode und Goldschmiede\",\"isPartOf\":{\"@id\":\"https:\/\/golddess.ch\/#website\"},\"datePublished\":\"2020-10-23T10:43:52+00:00\",\"dateModified\":\"2021-03-02T23:42:32+00:00\",\"breadcrumb\":{\"@id\":\"https:\/\/golddess.ch\/index.php\/impressum\/#breadcrumb\"},\"inLanguage\":\"de\",\"potentialAction\":[{\"@type\":\"ReadAction\",\"target\":[\"https:\/\/golddess.ch\/index.php\/impressum\/\"]}]},{\"@type\":\"BreadcrumbList\",\"@id\":\"https:\/\/golddess.ch\/index.php\/impressum\/#breadcrumb\",\"itemListElement\":[{\"@type\":\"ListItem\",\"position\":1,\"name\":\"Home\",\"item\":\"https:\/\/golddess.ch\/\"},{\"@type\":\"ListItem\",\"position\":2,\"name\":\"Impressum\"}]}]}<\/script>\n<!-- \/ Yoast SEO plugin. -->","yoast_head_json":{"title":"Impressum - Golddess.ch Mode und Goldschmiede","robots":{"index":"index","follow":"follow","max-snippet":"max-snippet:-1","max-image-preview":"max-image-preview:large","max-video-preview":"max-video-preview:-1"},"canonical":"https:\/\/golddess.ch\/index.php\/impressum\/","og_locale":"de_DE","og_type":"article","og_title":"Impressum - Golddess.ch Mode und Goldschmiede","og_description":"Impressum KontaktadresseLaciga Innovation GmbHRebackerstrasse 73210 Kerzers \/ Schweizbeautiful(at)golddess.ch Vertretungsberechtigte Person Paul Laciga, Gesch\u00e4ftsf\u00fchrerbeautiful(at)golddess.ch Konzept &amp; DesignDas Konzept und Design wurde realisiert durch die Laciga Innovation GmbH. Programmierung &amp; CMSDie Programmierung und das CMS wurde realisiert durch die Laciga Innovation GmbH. UrheberrechtDas Copyright der auf dieser Seite publizierten Inhalte liegt bei Laciga Innovation GmbH. Browserkompatibilit\u00e4t Diese [&hellip;]","og_url":"https:\/\/golddess.ch\/index.php\/impressum\/","og_site_name":"Golddess.ch Mode und Goldschmiede","article_modified_time":"2021-03-02T23:42:32+00:00","twitter_card":"summary_large_image","twitter_misc":{"Gesch\u00e4tzte Lesezeit":"3\u00a0Minuten"},"schema":{"@context":"https:\/\/schema.org","@graph":[{"@type":"WebSite","@id":"https:\/\/golddess.ch\/#website","url":"https:\/\/golddess.ch\/","name":"Golddess.ch Mode und Goldschmiede","description":"Schmuckkurse und Eheringe sowie Mode. Komm vorbei!","potentialAction":[{"@type":"SearchAction","target":{"@type":"EntryPoint","urlTemplate":"https:\/\/golddess.ch\/?s={search_term_string}"},"query-input":"required name=search_term_string"}],"inLanguage":"de"},{"@type":"WebPage","@id":"https:\/\/golddess.ch\/index.php\/impressum\/#webpage","url":"https:\/\/golddess.ch\/index.php\/impressum\/","name":"Impressum - Golddess.ch Mode und Goldschmiede","isPartOf":{"@id":"https:\/\/golddess.ch\/#website"},"datePublished":"2020-10-23T10:43:52+00:00","dateModified":"2021-03-02T23:42:32+00:00","breadcrumb":{"@id":"https:\/\/golddess.ch\/index.php\/impressum\/#breadcrumb"},"inLanguage":"de","potentialAction":[{"@type":"ReadAction","target":["https:\/\/golddess.ch\/index.php\/impressum\/"]}]},{"@type":"BreadcrumbList","@id":"https:\/\/golddess.ch\/index.php\/impressum\/#breadcrumb","itemListElement":[{"@type":"ListItem","position":1,"name":"Home","item":"https:\/\/golddess.ch\/"},{"@type":"ListItem","position":2,"name":"Impressum"}]}]}},"_links":{"self":[{"href":"https:\/\/golddess.ch\/index.php\/wp-json\/wp\/v2\/pages\/1462"}],"collection":[{"href":"https:\/\/golddess.ch\/index.php\/wp-json\/wp\/v2\/pages"}],"about":[{"href":"https:\/\/golddess.ch\/index.php\/wp-json\/wp\/v2\/types\/page"}],"author":[{"embeddable":true,"href":"https:\/\/golddess.ch\/index.php\/wp-json\/wp\/v2\/users\/1"}],"replies":[{"embeddable":true,"href":"https:\/\/golddess.ch\/index.php\/wp-json\/wp\/v2\/comments?post=1462"}],"version-history":[{"count":4,"href":"https:\/\/golddess.ch\/index.php\/wp-json\/wp\/v2\/pages\/1462\/revisions"}],"predecessor-version":[{"id":1645,"href":"https:\/\/golddess.ch\/index.php\/wp-json\/wp\/v2\/pages\/1462\/revisions\/1645"}],"wp:attachment":[{"href":"https:\/\/golddess.ch\/index.php\/wp-json\/wp\/v2\/media?parent=1462"}],"curies":[{"name":"wp","href":"https:\/\/api.w.org\/{rel}","templated":true}]}}